{"id":3283,"date":"2023-02-24T10:51:08","date_gmt":"2023-02-24T09:51:08","guid":{"rendered":"https:\/\/www.atco.de\/?page_id=3283"},"modified":"2024-05-08T16:53:25","modified_gmt":"2024-05-08T14:53:25","slug":"nachhaltigkeit","status":"publish","type":"page","link":"https:\/\/www.atco.de\/en\/nachhaltigkeit\/","title":{"rendered":"Sustainability"},"content":{"rendered":"<div data-elementor-type=\"wp-page\" data-elementor-id=\"3283\" class=\"elementor elementor-3283\">\n\t\t\t\t\t\t<section class=\"elementor-section elementor-top-section elementor-element elementor-element-bdc52ac elementor-section-boxed elementor-section-height-default elementor-section-height-default\" data-id=\"bdc52ac\" data-element_type=\"section\" data-e-type=\"section\">\n\t\t\t\t\t\t<div class=\"elementor-container elementor-column-gap-default\">\n\t\t\t\t\t<div class=\"elementor-column elementor-col-100 elementor-top-column elementor-element elementor-element-5bbed09\" data-id=\"5bbed09\" data-element_type=\"column\" data-e-type=\"column\">\n\t\t\t<div class=\"elementor-widget-wrap elementor-element-populated\">\n\t\t\t\t\t\t<div class=\"elementor-element elementor-element-6dfb1bc elementor-widget elementor-widget-header\" data-id=\"6dfb1bc\" data-element_type=\"widget\" data-e-type=\"widget\" data-widget_type=\"header.default\">\n\t\t\t\t<div class=\"elementor-widget-container\">\n\t\t\t\t\t        <div class=\"container-fluid block-header header_1\" style=\"\">\n\t\t\t            <div class=\"container\" style=\"position: relative\">\n                <h1 >Sustainability<\/h1>\n\t\t\t\t            <\/div>\n        <\/div>\n\t\t\t\t\t\t<\/div>\n\t\t\t\t<\/div>\n\t\t\t\t\t<\/div>\n\t\t<\/div>\n\t\t\t\t\t<\/div>\n\t\t<\/section>\n\t\t\t\t<section class=\"elementor-section elementor-top-section elementor-element elementor-element-abc8d76 elementor-section-boxed elementor-section-height-default elementor-section-height-default\" data-id=\"abc8d76\" data-element_type=\"section\" data-e-type=\"section\">\n\t\t\t\t\t\t<div class=\"elementor-container elementor-column-gap-default\">\n\t\t\t\t\t<div class=\"elementor-column elementor-col-100 elementor-top-column elementor-element elementor-element-24fa173\" data-id=\"24fa173\" data-element_type=\"column\" data-e-type=\"column\">\n\t\t\t<div class=\"elementor-widget-wrap elementor-element-populated\">\n\t\t\t\t\t\t<div class=\"elementor-element elementor-element-4ffc805 elementor-widget elementor-widget-breadcrump\" data-id=\"4ffc805\" data-element_type=\"widget\" data-e-type=\"widget\" data-widget_type=\"breadcrump.default\">\n\t\t\t\t<div class=\"elementor-widget-container\">\n\t\t\t\t\t        <div class=\"container-fluid atco-breadcrumb-container\">\n            <div class=\"container\">\n\t\t\t\t<ul class=\"breadcrumb\"><li class=\"breadcrumb-item\"><a href=\"https:\/\/www.atco.de\/en\">Atco<\/a><\/li><\/ul>            <\/div>\n        <\/div>\n\t\t\t\t\t\t<\/div>\n\t\t\t\t<\/div>\n\t\t\t\t\t<\/div>\n\t\t<\/div>\n\t\t\t\t\t<\/div>\n\t\t<\/section>\n\t\t\t\t<section class=\"elementor-section elementor-top-section elementor-element elementor-element-453e75a elementor-section-boxed elementor-section-height-default elementor-section-height-default\" data-id=\"453e75a\" data-element_type=\"section\" data-e-type=\"section\">\n\t\t\t\t\t\t<div class=\"elementor-container elementor-column-gap-default\">\n\t\t\t\t\t<div class=\"elementor-column elementor-col-100 elementor-top-column elementor-element elementor-element-0bfa85a\" data-id=\"0bfa85a\" data-element_type=\"column\" data-e-type=\"column\">\n\t\t\t<div class=\"elementor-widget-wrap elementor-element-populated\">\n\t\t\t\t\t\t<div class=\"elementor-element elementor-element-ce5ac1a elementor-widget elementor-widget-heading\" data-id=\"ce5ac1a\" data-element_type=\"widget\" data-e-type=\"widget\" data-widget_type=\"heading.default\">\n\t\t\t\t<div class=\"elementor-widget-container\">\n\t\t\t\t\t<h2 class=\"elementor-heading-title elementor-size-default\">Sustainability<\/h2>\t\t\t\t<\/div>\n\t\t\t\t<\/div>\n\t\t\t\t\t<\/div>\n\t\t<\/div>\n\t\t\t\t\t<\/div>\n\t\t<\/section>\n\t\t\t\t<section class=\"elementor-section elementor-top-section elementor-element elementor-element-b621cbc elementor-section-boxed elementor-section-height-default elementor-section-height-default\" data-id=\"b621cbc\" data-element_type=\"section\" data-e-type=\"section\">\n\t\t\t\t\t\t<div class=\"elementor-container elementor-column-gap-default\">\n\t\t\t\t\t<div class=\"elementor-column elementor-col-100 elementor-top-column elementor-element elementor-element-a0282b7\" data-id=\"a0282b7\" data-element_type=\"column\" data-e-type=\"column\">\n\t\t\t<div class=\"elementor-widget-wrap elementor-element-populated\">\n\t\t\t\t\t\t<div class=\"elementor-element elementor-element-48bad58 elementor-widget elementor-widget-text-editor\" data-id=\"48bad58\" data-element_type=\"widget\" data-e-type=\"widget\" data-widget_type=\"text-editor.default\">\n\t\t\t\t<div class=\"elementor-widget-container\">\n\t\t\t\t\t\t\t\t\t<p><em>In recent years, there has been a great shift in social awareness. Social responsibility, sustainable action, protection of\nminorities and conservation of limited resources are now common knowledge.<\/em><\/p><p><em>We welcome this change and embrace these modern values as our own.<\/em><\/p><p>Almost every day we are reminded that as a society we need to treat the environment, available resources and our (fellow) humans more responsibly. As a company, we face this challenge and adhere to ethical, ecological and economic principles. This includes taking responsibility towards customers, suppliers, employees (including those within our supply chain), the society and the environment \u2013 naturally in compliance with all laws and binding legal standards.<\/p>\t\t\t\t\t\t\t\t<\/div>\n\t\t\t\t<\/div>\n\t\t\t\t\t<\/div>\n\t\t<\/div>\n\t\t\t\t\t<\/div>\n\t\t<\/section>\n\t\t\t\t<section class=\"elementor-section elementor-top-section elementor-element elementor-element-777a2e3 elementor-section-boxed elementor-section-height-default elementor-section-height-default\" data-id=\"777a2e3\" data-element_type=\"section\" data-e-type=\"section\">\n\t\t\t\t\t\t<div class=\"elementor-container elementor-column-gap-default\">\n\t\t\t\t\t<div class=\"elementor-column elementor-col-100 elementor-top-column elementor-element elementor-element-c097bb6\" data-id=\"c097bb6\" data-element_type=\"column\" data-e-type=\"column\">\n\t\t\t<div class=\"elementor-widget-wrap elementor-element-populated\">\n\t\t\t\t\t\t<div class=\"elementor-element elementor-element-1b0ac57 elementor-widget elementor-widget-image\" data-id=\"1b0ac57\" data-element_type=\"widget\" data-e-type=\"widget\" data-widget_type=\"image.default\">\n\t\t\t\t<div class=\"elementor-widget-container\">\n\t\t\t\t\t\t\t\t\t\t\t\t\t\t\t<img fetchpriority=\"high\" decoding=\"async\" width=\"640\" height=\"394\" src=\"https:\/\/www.atco.de\/wp-content\/uploads\/2023\/02\/Bild-Nachhaltigkeit.jpg\" class=\"attachment-large size-large wp-image-3287\" alt=\"\" srcset=\"https:\/\/www.atco.de\/wp-content\/uploads\/2023\/02\/Bild-Nachhaltigkeit.jpg 753w, https:\/\/www.atco.de\/wp-content\/uploads\/2023\/02\/Bild-Nachhaltigkeit-300x185.jpg 300w, https:\/\/www.atco.de\/wp-content\/uploads\/2023\/02\/Bild-Nachhaltigkeit-18x12.jpg 18w\" sizes=\"(max-width: 640px) 100vw, 640px\" \/>\t\t\t\t\t\t\t\t\t\t\t\t\t\t\t<\/div>\n\t\t\t\t<\/div>\n\t\t\t\t<div class=\"elementor-element elementor-element-3e65038 elementor-widget elementor-widget-text-editor\" data-id=\"3e65038\" data-element_type=\"widget\" data-e-type=\"widget\" data-widget_type=\"text-editor.default\">\n\t\t\t\t<div class=\"elementor-widget-container\">\n\t\t\t\t\t\t\t\t\t<p>Since we are an internationally operating company, it is particularly important for us to identify and eliminate all challenges associated with our actions. Ethically correct behaviour as well as environmental protection and social justice therefore play a <br \/>central role.<\/p><p>In order to tackle these challenges we will further:<\/p><p><span style=\"color: var( --e-global-color-text ); font-weight: var( --e-global-typography-text-font-weight ); font-size: 1rem;\">\u279c Promote acting sustainable<\/span><\/p><p>\u279c Act responsibly<\/p><p>\u279c Enhance transparency in our supply chain<\/p><p>\u279c Use resources sparingly and promote measures that contribute to the protection of natural resources<\/p><p>\u279c Use our direct influence as a provider of packaging services and make them more sustainable<\/p><p class=\"p1\"><span class=\"s1\">Erfahren Sie mehr \u00fcber Nachhaltigkeit bei ATCO in unserem Nachhaltigkeitsbericht.<\/span><\/p><p><strong><span class=\"s1\">Auszeichnung mit der Silber-Medaille durch EcoVadis (CSR-Rating Plattform).<\/span><\/strong><\/p><p><span class=\"s1\">Im Jahr 2023 konnten wir bei der j\u00e4hrlichen \u00dcberpr\u00fcfung durch EcoVadis eine Silber Bewertung erreichen. Damit liegen wir unter den Top 15% aller bewerteten Unternehmen.<\/span><\/p><p class=\"p1\"><span class=\"s1\"><img decoding=\"async\" class=\"alignnone wp-image-3627\" src=\"https:\/\/www.atco.de\/wp-content\/uploads\/Silber-Medaille-Ecovadis-300x300.png\" alt=\"\" width=\"77\" height=\"77\" srcset=\"https:\/\/www.atco.de\/wp-content\/uploads\/Silber-Medaille-Ecovadis-300x300.png 300w, https:\/\/www.atco.de\/wp-content\/uploads\/Silber-Medaille-Ecovadis-1024x1024.png 1024w, https:\/\/www.atco.de\/wp-content\/uploads\/Silber-Medaille-Ecovadis-150x150.png 150w, https:\/\/www.atco.de\/wp-content\/uploads\/Silber-Medaille-Ecovadis-768x768.png 768w, https:\/\/www.atco.de\/wp-content\/uploads\/Silber-Medaille-Ecovadis-1536x1536.png 1536w, https:\/\/www.atco.de\/wp-content\/uploads\/Silber-Medaille-Ecovadis-12x12.png 12w, https:\/\/www.atco.de\/wp-content\/uploads\/Silber-Medaille-Ecovadis.png 1667w\" sizes=\"(max-width: 77px) 100vw, 77px\" \/><\/span><\/p>\t\t\t\t\t\t\t\t<\/div>\n\t\t\t\t<\/div>\n\t\t\t\t\t<\/div>\n\t\t<\/div>\n\t\t\t\t\t<\/div>\n\t\t<\/section>\n\t\t\t\t<section class=\"elementor-section elementor-top-section elementor-element elementor-element-d7553fc elementor-section-boxed elementor-section-height-default elementor-section-height-default\" data-id=\"d7553fc\" data-element_type=\"section\" data-e-type=\"section\">\n\t\t\t\t\t\t<div class=\"elementor-container elementor-column-gap-default\">\n\t\t\t\t\t<div class=\"elementor-column elementor-col-100 elementor-top-column elementor-element elementor-element-1bb945e\" data-id=\"1bb945e\" data-element_type=\"column\" data-e-type=\"column\">\n\t\t\t<div class=\"elementor-widget-wrap elementor-element-populated\">\n\t\t\t\t\t\t<div class=\"elementor-element elementor-element-f910050 elementor-button-info elementor-align-center elementor-widget elementor-widget-button\" data-id=\"f910050\" data-element_type=\"widget\" data-e-type=\"widget\" data-settings=\"{&quot;_animation&quot;:&quot;none&quot;}\" data-widget_type=\"button.default\">\n\t\t\t\t<div class=\"elementor-widget-container\">\n\t\t\t\t\t\t\t\t\t<div class=\"elementor-button-wrapper\">\n\t\t\t\t\t<a class=\"elementor-button elementor-button-link elementor-size-lg\" href=\"https:\/\/www.atco.de\/wp-content\/uploads\/ATCO-Sustainability-Report_web.pdf\" target=\"_blank\">\n\t\t\t\t\t\t<span class=\"elementor-button-content-wrapper\">\n\t\t\t\t\t\t\t\t\t<span class=\"elementor-button-text\">Sustainability Report<\/span>\n\t\t\t\t\t<\/span>\n\t\t\t\t\t<\/a>\n\t\t\t\t<\/div>\n\t\t\t\t\t\t\t\t<\/div>\n\t\t\t\t<\/div>\n\t\t\t\t\t<\/div>\n\t\t<\/div>\n\t\t\t\t\t<\/div>\n\t\t<\/section>\n\t\t\t\t<\/div>","protected":false},"excerpt":{"rendered":"<p>Nachhaltigkeit Atco Nachhaltigkeit Die Gesellschaft hat sich in ihrem Bewusstsein sehr stark weiterentwickelt. Soziale Verantwortung, nachhaltiges Handeln, Schutz von Minderheiten, sparsamer Umgang mit begrenzten Ressourcen sind heute Allgemeingut. Wir begr\u00fc\u00dfen diesen Wandel und haben uns diese modernen Wertvorstellungen zu eigengemacht. Fast t\u00e4glich wird uns vor Augen gef\u00fchrt, dass wir als Gesellschaft verantwortungsvoller mit der Umwelt, [&hellip;]<\/p>\n","protected":false},"author":6,"featured_media":0,"parent":0,"menu_order":0,"comment_status":"closed","ping_status":"closed","template":"","meta":{"_acf_changed":false,"footnotes":""},"class_list":["post-3283","page","type-page","status-publish","hentry"],"acf":[],"yoast_head":"<!-- This site is optimized with the Yoast SEO plugin v27.4 - https:\/\/yoast.com\/product\/yoast-seo-wordpress\/ -->\n<title>Nachhaltigkeit - ATCO - August T\u00f6pfer &amp; Co.<\/title>\n<meta name=\"robots\" content=\"index, follow, max-snippet:-1, max-image-preview:large, max-video-preview:-1\" \/>\n<link rel=\"canonical\" href=\"https:\/\/www.atco.de\/en\/nachhaltigkeit\/\" \/>\n<meta property=\"og:locale\" content=\"en_GB\" \/>\n<meta property=\"og:type\" content=\"article\" \/>\n<meta property=\"og:title\" content=\"Nachhaltigkeit - ATCO - August T\u00f6pfer &amp; Co.\" \/>\n<meta property=\"og:description\" content=\"Nachhaltigkeit Atco Nachhaltigkeit Die Gesellschaft hat sich in ihrem Bewusstsein sehr stark weiterentwickelt. Soziale Verantwortung, nachhaltiges Handeln, Schutz von Minderheiten, sparsamer Umgang mit begrenzten Ressourcen sind heute Allgemeingut. Wir begr\u00fc\u00dfen diesen Wandel und haben uns diese modernen Wertvorstellungen zu eigengemacht. Fast t\u00e4glich wird uns vor Augen gef\u00fchrt, dass wir als Gesellschaft verantwortungsvoller mit der Umwelt, [&hellip;]\" \/>\n<meta property=\"og:url\" content=\"https:\/\/www.atco.de\/en\/nachhaltigkeit\/\" \/>\n<meta property=\"og:site_name\" content=\"ATCO - August T\u00f6pfer &amp; Co.\" \/>\n<meta property=\"article:modified_time\" content=\"2024-05-08T14:53:25+00:00\" \/>\n<meta property=\"og:image\" content=\"https:\/\/www.atco.de\/wp-content\/uploads\/2023\/02\/Bild-Nachhaltigkeit.jpg\" \/>\n<meta name=\"twitter:card\" content=\"summary_large_image\" \/>\n<meta name=\"twitter:label1\" content=\"Estimated reading time\" \/>\n\t<meta name=\"twitter:data1\" content=\"1 minute\" \/>\n<!-- \/ Yoast SEO plugin. -->","yoast_head_json":{"title":"Nachhaltigkeit - ATCO - August T\u00f6pfer &amp; Co.","robots":{"index":"index","follow":"follow","max-snippet":"max-snippet:-1","max-image-preview":"max-image-preview:large","max-video-preview":"max-video-preview:-1"},"canonical":"https:\/\/www.atco.de\/en\/nachhaltigkeit\/","og_locale":"en_GB","og_type":"article","og_title":"Nachhaltigkeit - ATCO - August T\u00f6pfer &amp; Co.","og_description":"Nachhaltigkeit Atco Nachhaltigkeit Die Gesellschaft hat sich in ihrem Bewusstsein sehr stark weiterentwickelt. Soziale Verantwortung, nachhaltiges Handeln, Schutz von Minderheiten, sparsamer Umgang mit begrenzten Ressourcen sind heute Allgemeingut. Wir begr\u00fc\u00dfen diesen Wandel und haben uns diese modernen Wertvorstellungen zu eigengemacht. Fast t\u00e4glich wird uns vor Augen gef\u00fchrt, dass wir als Gesellschaft verantwortungsvoller mit der Umwelt, [&hellip;]","og_url":"https:\/\/www.atco.de\/en\/nachhaltigkeit\/","og_site_name":"ATCO - August T\u00f6pfer &amp; Co.","article_modified_time":"2024-05-08T14:53:25+00:00","og_image":[{"url":"https:\/\/www.atco.de\/wp-content\/uploads\/2023\/02\/Bild-Nachhaltigkeit.jpg","type":"","width":"","height":""}],"twitter_card":"summary_large_image","twitter_misc":{"Estimated reading time":"1 minute"},"schema":{"@context":"https:\/\/schema.org","@graph":[{"@type":"WebPage","@id":"https:\/\/www.atco.de\/nachhaltigkeit\/","url":"https:\/\/www.atco.de\/nachhaltigkeit\/","name":"Nachhaltigkeit - ATCO - August T\u00f6pfer &amp; Co.","isPartOf":{"@id":"https:\/\/www.atco.de\/#website"},"primaryImageOfPage":{"@id":"https:\/\/www.atco.de\/nachhaltigkeit\/#primaryimage"},"image":{"@id":"https:\/\/www.atco.de\/nachhaltigkeit\/#primaryimage"},"thumbnailUrl":"https:\/\/www.atco.de\/wp-content\/uploads\/2023\/02\/Bild-Nachhaltigkeit.jpg","datePublished":"2023-02-24T09:51:08+00:00","dateModified":"2024-05-08T14:53:25+00:00","breadcrumb":{"@id":"https:\/\/www.atco.de\/nachhaltigkeit\/#breadcrumb"},"inLanguage":"en-GB","potentialAction":[{"@type":"ReadAction","target":["https:\/\/www.atco.de\/nachhaltigkeit\/"]}]},{"@type":"ImageObject","inLanguage":"en-GB","@id":"https:\/\/www.atco.de\/nachhaltigkeit\/#primaryimage","url":"https:\/\/www.atco.de\/wp-content\/uploads\/2023\/02\/Bild-Nachhaltigkeit.jpg","contentUrl":"https:\/\/www.atco.de\/wp-content\/uploads\/2023\/02\/Bild-Nachhaltigkeit.jpg"},{"@type":"BreadcrumbList","@id":"https:\/\/www.atco.de\/nachhaltigkeit\/#breadcrumb","itemListElement":[{"@type":"ListItem","position":1,"name":"Startseite","item":"https:\/\/www.atco.de\/"},{"@type":"ListItem","position":2,"name":"Nachhaltigkeit"}]},{"@type":"WebSite","@id":"https:\/\/www.atco.de\/#website","url":"https:\/\/www.atco.de\/","name":"ATCO - August T\u00f6pfer &amp; Co.","description":"","potentialAction":[{"@type":"SearchAction","target":{"@type":"EntryPoint","urlTemplate":"https:\/\/www.atco.de\/?s={search_term_string}"},"query-input":{"@type":"PropertyValueSpecification","valueRequired":true,"valueName":"search_term_string"}}],"inLanguage":"en-GB"}]}},"_links":{"self":[{"href":"https:\/\/www.atco.de\/en\/wp-json\/wp\/v2\/pages\/3283","targetHints":{"allow":["GET"]}}],"collection":[{"href":"https:\/\/www.atco.de\/en\/wp-json\/wp\/v2\/pages"}],"about":[{"href":"https:\/\/www.atco.de\/en\/wp-json\/wp\/v2\/types\/page"}],"author":[{"embeddable":true,"href":"https:\/\/www.atco.de\/en\/wp-json\/wp\/v2\/users\/6"}],"replies":[{"embeddable":true,"href":"https:\/\/www.atco.de\/en\/wp-json\/wp\/v2\/comments?post=3283"}],"version-history":[{"count":67,"href":"https:\/\/www.atco.de\/en\/wp-json\/wp\/v2\/pages\/3283\/revisions"}],"predecessor-version":[{"id":3640,"href":"https:\/\/www.atco.de\/en\/wp-json\/wp\/v2\/pages\/3283\/revisions\/3640"}],"wp:attachment":[{"href":"https:\/\/www.atco.de\/en\/wp-json\/wp\/v2\/media?parent=3283"}],"curies":[{"name":"wp","href":"https:\/\/api.w.org\/{rel}","templated":true}]}}