{"id":63,"date":"2021-04-19T08:58:59","date_gmt":"2021-04-19T06:58:59","guid":{"rendered":"https:\/\/staging.atco.de\/?page_id=63"},"modified":"2021-04-29T18:43:31","modified_gmt":"2021-04-29T16:43:31","slug":"services","status":"publish","type":"page","link":"https:\/\/www.atco.de\/en\/services\/","title":{"rendered":"Services"},"content":{"rendered":"<div data-elementor-type=\"wp-page\" data-elementor-id=\"63\" class=\"elementor elementor-63\">\n\t\t\t\t\t\t<section class=\"elementor-section elementor-top-section elementor-element elementor-element-4e5d565 elementor-section-full_width elementor-section-height-default elementor-section-height-default\" data-id=\"4e5d565\" data-element_type=\"section\" data-e-type=\"section\">\n\t\t\t\t\t\t<div class=\"elementor-container elementor-column-gap-no\">\n\t\t\t\t\t<div class=\"elementor-column elementor-col-100 elementor-top-column elementor-element elementor-element-6cc310d3\" data-id=\"6cc310d3\" data-element_type=\"column\" data-e-type=\"column\">\n\t\t\t<div class=\"elementor-widget-wrap elementor-element-populated\">\n\t\t\t\t\t\t<div class=\"elementor-element elementor-element-38704eef elementor-widget elementor-widget-header\" data-id=\"38704eef\" data-element_type=\"widget\" data-e-type=\"widget\" data-widget_type=\"header.default\">\n\t\t\t\t<div class=\"elementor-widget-container\">\n\t\t\t\t\t        <div class=\"container-fluid block-header header_2\" style=\"\">\n\t\t\t<div class='header-bg-image' style='opacity: 0.3; position: absolute; left: 0;width: 100%; height: 110%; background: url(https:\/\/www.atco.de\/wp-content\/uploads\/2021\/04\/introbild.jpg); background-repeat: no-repeat; background-size: cover;'><\/div>            <div class=\"container\" style=\"position: relative\">\n                <h1 >Services<\/h1>\n\t\t\t\t            <\/div>\n        <\/div>\n\t\t\t\t\t\t<\/div>\n\t\t\t\t<\/div>\n\t\t\t\t\t<\/div>\n\t\t<\/div>\n\t\t\t\t\t<\/div>\n\t\t<\/section>\n\t\t\t\t<section class=\"elementor-section elementor-top-section elementor-element elementor-element-17a1d659 elementor-section-full_width elementor-section-height-default elementor-section-height-default\" data-id=\"17a1d659\" data-element_type=\"section\" data-e-type=\"section\">\n\t\t\t\t\t\t<div class=\"elementor-container elementor-column-gap-no\">\n\t\t\t\t\t<div class=\"elementor-column elementor-col-100 elementor-top-column elementor-element elementor-element-604161d1\" data-id=\"604161d1\" data-element_type=\"column\" data-e-type=\"column\">\n\t\t\t<div class=\"elementor-widget-wrap elementor-element-populated\">\n\t\t\t\t\t\t<div class=\"elementor-element elementor-element-236e2da8 elementor-widget elementor-widget-breadcrump\" data-id=\"236e2da8\" data-element_type=\"widget\" data-e-type=\"widget\" data-widget_type=\"breadcrump.default\">\n\t\t\t\t<div class=\"elementor-widget-container\">\n\t\t\t\t\t        <div class=\"container-fluid atco-breadcrumb-container\">\n            <div class=\"container\">\n\t\t\t\t<ul class=\"breadcrumb\"><li class=\"breadcrumb-item\"><a href=\"https:\/\/www.atco.de\/en\">Atco<\/a><\/li><\/ul>            <\/div>\n        <\/div>\n\t\t\t\t\t\t<\/div>\n\t\t\t\t<\/div>\n\t\t\t\t\t<\/div>\n\t\t<\/div>\n\t\t\t\t\t<\/div>\n\t\t<\/section>\n\t\t\t\t<section class=\"elementor-section elementor-top-section elementor-element elementor-element-116a3983 elementor-section-boxed elementor-section-height-default elementor-section-height-default\" data-id=\"116a3983\" data-element_type=\"section\" data-e-type=\"section\">\n\t\t\t\t\t\t<div class=\"elementor-container elementor-column-gap-default\">\n\t\t\t\t\t<div class=\"elementor-column elementor-col-100 elementor-top-column elementor-element elementor-element-be868ed\" data-id=\"be868ed\" data-element_type=\"column\" data-e-type=\"column\">\n\t\t\t<div class=\"elementor-widget-wrap\">\n\t\t\t\t\t\t\t<\/div>\n\t\t<\/div>\n\t\t\t\t\t<\/div>\n\t\t<\/section>\n\t\t\t\t<section class=\"elementor-section elementor-top-section elementor-element elementor-element-667a7590 elementor-section-boxed elementor-section-height-default elementor-section-height-default\" data-id=\"667a7590\" data-element_type=\"section\" data-e-type=\"section\">\n\t\t\t\t\t\t<div class=\"elementor-container elementor-column-gap-default\">\n\t\t\t\t\t<div class=\"elementor-column elementor-col-100 elementor-top-column elementor-element elementor-element-679fadc0\" data-id=\"679fadc0\" data-element_type=\"column\" data-e-type=\"column\">\n\t\t\t<div class=\"elementor-widget-wrap elementor-element-populated\">\n\t\t\t\t\t\t<div class=\"elementor-element elementor-element-46ccfab elementor-widget elementor-widget-heading\" data-id=\"46ccfab\" data-element_type=\"widget\" data-e-type=\"widget\" data-widget_type=\"heading.default\">\n\t\t\t\t<div class=\"elementor-widget-container\">\n\t\t\t\t\t<h2 class=\"elementor-heading-title elementor-size-default\">Our offers<\/h2>\t\t\t\t<\/div>\n\t\t\t\t<\/div>\n\t\t\t\t\t<\/div>\n\t\t<\/div>\n\t\t\t\t\t<\/div>\n\t\t<\/section>\n\t\t\t\t<section class=\"elementor-section elementor-top-section elementor-element elementor-element-17cca28e elementor-section-boxed elementor-section-height-default elementor-section-height-default\" data-id=\"17cca28e\" data-element_type=\"section\" data-e-type=\"section\">\n\t\t\t\t\t\t<div class=\"elementor-container elementor-column-gap-default\">\n\t\t\t\t\t<div class=\"elementor-column elementor-col-50 elementor-top-column elementor-element elementor-element-3a59f3b7\" data-id=\"3a59f3b7\" data-element_type=\"column\" data-e-type=\"column\">\n\t\t\t<div class=\"elementor-widget-wrap elementor-element-populated\">\n\t\t\t\t\t\t<div class=\"elementor-element elementor-element-c145569 elementor-widget elementor-widget-image\" data-id=\"c145569\" data-element_type=\"widget\" data-e-type=\"widget\" data-widget_type=\"image.default\">\n\t\t\t\t<div class=\"elementor-widget-container\">\n\t\t\t\t\t\t\t\t\t\t\t\t\t\t\t\t<a href=\"\/en\/services\/bonora-copacking\/\">\n\t\t\t\t\t\t\t<img fetchpriority=\"high\" decoding=\"async\" width=\"640\" height=\"427\" src=\"https:\/\/www.atco.de\/wp-content\/uploads\/2021\/04\/bonora-packaging-1024x683.jpg\" class=\"attachment-large size-large wp-image-933\" alt=\"\" srcset=\"https:\/\/www.atco.de\/wp-content\/uploads\/2021\/04\/bonora-packaging-1024x683.jpg 1024w, https:\/\/www.atco.de\/wp-content\/uploads\/2021\/04\/bonora-packaging-300x200.jpg 300w, https:\/\/www.atco.de\/wp-content\/uploads\/2021\/04\/bonora-packaging-768x512.jpg 768w, https:\/\/www.atco.de\/wp-content\/uploads\/2021\/04\/bonora-packaging-16x12.jpg 16w, https:\/\/www.atco.de\/wp-content\/uploads\/2021\/04\/bonora-packaging.jpg 1200w\" sizes=\"(max-width: 640px) 100vw, 640px\" \/>\t\t\t\t\t\t\t\t<\/a>\n\t\t\t\t\t\t\t\t\t\t\t\t\t\t\t<\/div>\n\t\t\t\t<\/div>\n\t\t\t\t<div class=\"elementor-element elementor-element-3690d2ae elementor-widget elementor-widget-text-editor\" data-id=\"3690d2ae\" data-element_type=\"widget\" data-e-type=\"widget\" data-widget_type=\"text-editor.default\">\n\t\t\t\t<div class=\"elementor-widget-container\">\n\t\t\t\t\t\t\t\t\t<h3>Bonora Copacking<\/h3><p>Based in Hamburg, the packing plant August T\u00f6pfer &amp; Co \/ Bonora Copacking has been one of the leading packaging companies for over 50 years, particularly for contract packaging for major brand manufacturers.<\/p><p><a href=\"\/en\/services\/bonora-copacking\/\"><span style=\"text-decoration: underline;\">Learn more<\/span><\/a><\/p>\t\t\t\t\t\t\t\t<\/div>\n\t\t\t\t<\/div>\n\t\t\t\t\t<\/div>\n\t\t<\/div>\n\t\t\t\t<div class=\"elementor-column elementor-col-50 elementor-top-column elementor-element elementor-element-5de1e864\" data-id=\"5de1e864\" data-element_type=\"column\" data-e-type=\"column\">\n\t\t\t<div class=\"elementor-widget-wrap elementor-element-populated\">\n\t\t\t\t\t\t<div class=\"elementor-element elementor-element-c442791 elementor-widget elementor-widget-image\" data-id=\"c442791\" data-element_type=\"widget\" data-e-type=\"widget\" data-widget_type=\"image.default\">\n\t\t\t\t<div class=\"elementor-widget-container\">\n\t\t\t\t\t\t\t\t\t\t\t\t\t\t\t\t<a href=\"\/en\/services\/logistik\/\">\n\t\t\t\t\t\t\t<img decoding=\"async\" width=\"640\" height=\"427\" src=\"https:\/\/www.atco.de\/wp-content\/uploads\/2021\/04\/logistik-1024x683.jpg\" class=\"attachment-large size-large wp-image-934\" alt=\"\" srcset=\"https:\/\/www.atco.de\/wp-content\/uploads\/2021\/04\/logistik-1024x683.jpg 1024w, https:\/\/www.atco.de\/wp-content\/uploads\/2021\/04\/logistik-300x200.jpg 300w, https:\/\/www.atco.de\/wp-content\/uploads\/2021\/04\/logistik-768x512.jpg 768w, https:\/\/www.atco.de\/wp-content\/uploads\/2021\/04\/logistik-16x12.jpg 16w, https:\/\/www.atco.de\/wp-content\/uploads\/2021\/04\/logistik.jpg 1200w\" sizes=\"(max-width: 640px) 100vw, 640px\" \/>\t\t\t\t\t\t\t\t<\/a>\n\t\t\t\t\t\t\t\t\t\t\t\t\t\t\t<\/div>\n\t\t\t\t<\/div>\n\t\t\t\t<div class=\"elementor-element elementor-element-79d479e1 elementor-widget elementor-widget-text-editor\" data-id=\"79d479e1\" data-element_type=\"widget\" data-e-type=\"widget\" data-widget_type=\"text-editor.default\">\n\t\t\t\t<div class=\"elementor-widget-container\">\n\t\t\t\t\t\t\t\t\t<div class=\"container\"><h3>Logistics<\/h3><p>Whether handling the sugar export business with H.S.T. Hamburg Sugar Terminal GmbH &amp; Co. KG or specialized forwarding for sugar and food raw materials with Alfred Ernst GmbH &amp; Co. KG (AECO).<\/p><p><span style=\"text-decoration: underline;\"><a href=\"\/en\/services\/logistik\/\">Learn more<\/a><\/span><\/p><\/div>\t\t\t\t\t\t\t\t<\/div>\n\t\t\t\t<\/div>\n\t\t\t\t\t<\/div>\n\t\t<\/div>\n\t\t\t\t\t<\/div>\n\t\t<\/section>\n\t\t\t\t<section class=\"elementor-section elementor-top-section elementor-element elementor-element-283bba0e elementor-section-boxed elementor-section-height-default elementor-section-height-default\" data-id=\"283bba0e\" data-element_type=\"section\" data-e-type=\"section\" data-settings=\"{&quot;background_background&quot;:&quot;classic&quot;}\">\n\t\t\t\t\t\t<div class=\"elementor-container elementor-column-gap-default\">\n\t\t\t\t\t<div class=\"elementor-column elementor-col-100 elementor-top-column elementor-element elementor-element-3b33e180\" data-id=\"3b33e180\" data-element_type=\"column\" data-e-type=\"column\">\n\t\t\t<div class=\"elementor-widget-wrap elementor-element-populated\">\n\t\t\t\t\t\t<div class=\"elementor-element elementor-element-46fb38b4 elementor-widget elementor-widget-contact_form\" data-id=\"46fb38b4\" data-element_type=\"widget\" data-e-type=\"widget\" data-widget_type=\"contact_form.default\">\n\t\t\t\t<div class=\"elementor-widget-container\">\n\t\t\t\t\t        <div class=\"container-fluid block-header\">\n            <div class=\"container\">\n                <h2 >Contact<\/h2>\n                                                              \t\t\t\t\n<div class=\"wpcf7 no-js\" id=\"wpcf7-f10-o1\" lang=\"de-DE\" dir=\"ltr\" data-wpcf7-id=\"10\">\n<div class=\"screen-reader-response\"><p role=\"status\" aria-live=\"polite\" aria-atomic=\"true\"><\/p> <ul><\/ul><\/div>\n<form action=\"\/en\/wp-json\/wp\/v2\/pages\/63#wpcf7-f10-o1\" method=\"post\" class=\"wpcf7-form init\" aria-label=\"Contact form\" novalidate=\"novalidate\" data-status=\"init\" data-trp-original-action=\"\/en\/wp-json\/wp\/v2\/pages\/63#wpcf7-f10-o1\">\n<fieldset class=\"hidden-fields-container\"><input type=\"hidden\" name=\"_wpcf7\" value=\"10\" \/><input type=\"hidden\" name=\"_wpcf7_version\" value=\"6.1.5\" \/><input type=\"hidden\" name=\"_wpcf7_locale\" value=\"de_DE\" \/><input type=\"hidden\" name=\"_wpcf7_unit_tag\" value=\"wpcf7-f10-o1\" \/><input type=\"hidden\" name=\"_wpcf7_container_post\" value=\"0\" \/><input type=\"hidden\" name=\"_wpcf7_posted_data_hash\" value=\"\" \/><input type=\"hidden\" name=\"_wpcf7dtx_version\" value=\"5.0.5\" \/>\n<\/fieldset>\n<div class=\"container-fluid block-contact p-5\">\n\t<div class=\"form-row\">\n\t\t<div class=\"form-group col-md-6\">\n\t\t\t<p><label> Name <\/label><br \/>\n<span class=\"wpcf7-form-control-wrap\" data-name=\"your-name\"><input size=\"40\" maxlength=\"400\" class=\"wpcf7-form-control wpcf7-text form-control\" aria-invalid=\"false\" value=\"\" type=\"text\" name=\"your-name\" \/><\/span>\n\t\t\t<\/p>\n\t\t<\/div>\n\t\t<div class=\"form-group col-md-6\">\n\t\t\t<p><label> Email* <\/label><br \/>\n<span class=\"wpcf7-form-control-wrap\" data-name=\"your-email\"><input size=\"40\" maxlength=\"400\" class=\"wpcf7-form-control wpcf7-email wpcf7-validates-as-required wpcf7-text wpcf7-validates-as-email form-control\" aria-required=\"true\" aria-invalid=\"false\" value=\"\" type=\"email\" name=\"your-email\" \/><\/span>\n\t\t\t<\/p>\n\t\t<\/div>\n\t<\/div>\n\t<div class=\"form-row\">\n\t\t<div class=\"form-group col-md-6\">\n\t\t\t<p><label> Telephone <\/label><br \/>\n<span class=\"wpcf7-form-control-wrap\" data-name=\"your-phone\"><input size=\"40\" maxlength=\"400\" class=\"wpcf7-form-control wpcf7-tel wpcf7-text wpcf7-validates-as-tel form-control\" aria-invalid=\"false\" value=\"\" type=\"tel\" name=\"your-phone\" \/><\/span>\n\t\t\t<\/p>\n\t\t<\/div>\n\t\t<div class=\"form-group col-md-6\">\n\t\t\t<p><label> Subject<\/label><br \/>\n<span class=\"wpcf7-form-control-wrap\" data-name=\"your-subject\"><input size=\"40\" maxlength=\"400\" class=\"wpcf7-form-control wpcf7-text form-control\" aria-invalid=\"false\" value=\"\" type=\"text\" name=\"your-subject\" \/><\/span>\n\t\t\t<\/p>\n\t\t<\/div>\n\t<\/div>\n\t<div class=\"form-row\">\n\t\t<div class=\"form-group col-md-12\">\n\t\t\t<p><label> Message* <\/label><br \/>\n<span class=\"wpcf7-form-control-wrap\" data-name=\"your-message\"><textarea cols=\"40\" rows=\"10\" maxlength=\"2000\" class=\"wpcf7-form-control wpcf7-textarea wpcf7-validates-as-required form-control\" aria-required=\"true\" aria-invalid=\"false\" name=\"your-message\"><\/textarea><\/span>\n\t\t\t<\/p>\n\t\t<\/div>\n\t<\/div>\n\t<div class=\"form-group\">\n\t\t<div class=\"form-check\">\n\t\t\t<p><span class=\"wpcf7-form-control-wrap\" data-name=\"acceptance-691\"><span class=\"wpcf7-form-control wpcf7-acceptance\"><span class=\"wpcf7-list-item\"><label><input type=\"checkbox\" name=\"acceptance-691\" value=\"1\" class=\"form-check-input\" aria-invalid=\"false\" \/><span class=\"wpcf7-list-item-label\">By submitting your request, you agree to the processing of your provided data for the purpose of handling your request and to our privacy policy and revocation notice.<\/span><\/label><\/span><\/span><\/span>\n\t\t\t<\/p>\n\t\t<div class=\"wpcf7-turnstile cf-turnstile\" data-sitekey=\"0x4AAAAAABl3rfoI5tiOroko\" data-response-field-name=\"_wpcf7_turnstile_response\"><\/div>\n\t\t\t<p><input class=\"wpcf7-form-control wpcf7-submit has-spinner btn arrow-right\" type=\"submit\" value=\"Send\" \/>\n\t\t\t<\/p>\n\t\t<\/div>\n\t<\/div>\n<\/div><div class=\"wpcf7-response-output\" aria-hidden=\"true\"><\/div>\n<input type=\"hidden\" name=\"trp-form-language\" value=\"en\"\/><\/form>\n<\/div>\n            <\/div>\n        <\/div>\n\t\t\t\t\t\t<\/div>\n\t\t\t\t<\/div>\n\t\t\t\t\t<\/div>\n\t\t<\/div>\n\t\t\t\t\t<\/div>\n\t\t<\/section>\n\t\t\t\t<\/div>","protected":false},"excerpt":{"rendered":"<p>Services Atco Unsere Angebote Bonora Copacking Der Abpackbetrieb August T\u00f6pfer &amp; Co \/ Bonora Copacking, mit dem Sitz in Hamburg, ist seit \u00fcber 50 Jahren eines der f\u00fchrenden Verpackungsunternehmen, insbesondere auf dem Gebiet der Lohnverpackung f\u00fcr Hersteller bedeutender Markenartikel. Jetzt mehr erfahren Logistik Ob Abwicklung des Zucker-Exportgesch\u00e4ftes mit der H.S.T. Hamburg Sugar Terminal GmbH &amp; [&hellip;]<\/p>\n","protected":false},"author":1,"featured_media":0,"parent":0,"menu_order":0,"comment_status":"closed","ping_status":"closed","template":"","meta":{"_acf_changed":false,"footnotes":""},"class_list":["post-63","page","type-page","status-publish","hentry"],"acf":[],"yoast_head":"<!-- This site is optimized with the Yoast SEO plugin v27.3 - https:\/\/yoast.com\/product\/yoast-seo-wordpress\/ -->\n<title>Services - ATCO - August T\u00f6pfer &amp; Co.<\/title>\n<meta name=\"robots\" content=\"index, follow, max-snippet:-1, max-image-preview:large, max-video-preview:-1\" \/>\n<link rel=\"canonical\" href=\"https:\/\/www.atco.de\/en\/services\/\" \/>\n<meta property=\"og:locale\" content=\"en_GB\" \/>\n<meta property=\"og:type\" content=\"article\" \/>\n<meta property=\"og:title\" content=\"Services - ATCO - August T\u00f6pfer &amp; Co.\" \/>\n<meta property=\"og:description\" content=\"Services Atco Unsere Angebote Bonora Copacking Der Abpackbetrieb August T\u00f6pfer &amp; Co \/ Bonora Copacking, mit dem Sitz in Hamburg, ist seit \u00fcber 50 Jahren eines der f\u00fchrenden Verpackungsunternehmen, insbesondere auf dem Gebiet der Lohnverpackung f\u00fcr Hersteller bedeutender Markenartikel. Jetzt mehr erfahren Logistik Ob Abwicklung des Zucker-Exportgesch\u00e4ftes mit der H.S.T. Hamburg Sugar Terminal GmbH &amp; [&hellip;]\" \/>\n<meta property=\"og:url\" content=\"https:\/\/www.atco.de\/en\/services\/\" \/>\n<meta property=\"og:site_name\" content=\"ATCO - August T\u00f6pfer &amp; Co.\" \/>\n<meta property=\"article:modified_time\" content=\"2021-04-29T16:43:31+00:00\" \/>\n<meta property=\"og:image\" content=\"https:\/\/www.atco.de\/wp-content\/uploads\/2021\/04\/bonora-packaging-1024x683.jpg\" \/>\n<meta name=\"twitter:card\" content=\"summary_large_image\" \/>\n<meta name=\"twitter:label1\" content=\"Estimated reading time\" \/>\n\t<meta name=\"twitter:data1\" content=\"1 minute\" \/>\n<!-- \/ Yoast SEO plugin. -->","yoast_head_json":{"title":"Services - ATCO - August T\u00f6pfer &amp; Co.","robots":{"index":"index","follow":"follow","max-snippet":"max-snippet:-1","max-image-preview":"max-image-preview:large","max-video-preview":"max-video-preview:-1"},"canonical":"https:\/\/www.atco.de\/en\/services\/","og_locale":"en_GB","og_type":"article","og_title":"Services - ATCO - August T\u00f6pfer &amp; Co.","og_description":"Services Atco Unsere Angebote Bonora Copacking Der Abpackbetrieb August T\u00f6pfer &amp; Co \/ Bonora Copacking, mit dem Sitz in Hamburg, ist seit \u00fcber 50 Jahren eines der f\u00fchrenden Verpackungsunternehmen, insbesondere auf dem Gebiet der Lohnverpackung f\u00fcr Hersteller bedeutender Markenartikel. Jetzt mehr erfahren Logistik Ob Abwicklung des Zucker-Exportgesch\u00e4ftes mit der H.S.T. Hamburg Sugar Terminal GmbH &amp; [&hellip;]","og_url":"https:\/\/www.atco.de\/en\/services\/","og_site_name":"ATCO - August T\u00f6pfer &amp; Co.","article_modified_time":"2021-04-29T16:43:31+00:00","og_image":[{"url":"https:\/\/www.atco.de\/wp-content\/uploads\/2021\/04\/bonora-packaging-1024x683.jpg","type":"","width":"","height":""}],"twitter_card":"summary_large_image","twitter_misc":{"Estimated reading time":"1 minute"},"schema":{"@context":"https:\/\/schema.org","@graph":[{"@type":"WebPage","@id":"https:\/\/www.atco.de\/services\/","url":"https:\/\/www.atco.de\/services\/","name":"Services - ATCO - August T\u00f6pfer &amp; Co.","isPartOf":{"@id":"https:\/\/www.atco.de\/#website"},"primaryImageOfPage":{"@id":"https:\/\/www.atco.de\/services\/#primaryimage"},"image":{"@id":"https:\/\/www.atco.de\/services\/#primaryimage"},"thumbnailUrl":"https:\/\/www.atco.de\/wp-content\/uploads\/2021\/04\/bonora-packaging-1024x683.jpg","datePublished":"2021-04-19T06:58:59+00:00","dateModified":"2021-04-29T16:43:31+00:00","breadcrumb":{"@id":"https:\/\/www.atco.de\/services\/#breadcrumb"},"inLanguage":"en-GB","potentialAction":[{"@type":"ReadAction","target":["https:\/\/www.atco.de\/services\/"]}]},{"@type":"ImageObject","inLanguage":"en-GB","@id":"https:\/\/www.atco.de\/services\/#primaryimage","url":"https:\/\/www.atco.de\/wp-content\/uploads\/2021\/04\/bonora-packaging-1024x683.jpg","contentUrl":"https:\/\/www.atco.de\/wp-content\/uploads\/2021\/04\/bonora-packaging-1024x683.jpg"},{"@type":"BreadcrumbList","@id":"https:\/\/www.atco.de\/services\/#breadcrumb","itemListElement":[{"@type":"ListItem","position":1,"name":"Startseite","item":"https:\/\/www.atco.de\/"},{"@type":"ListItem","position":2,"name":"Services"}]},{"@type":"WebSite","@id":"https:\/\/www.atco.de\/#website","url":"https:\/\/www.atco.de\/","name":"ATCO - August T\u00f6pfer &amp; Co.","description":"","potentialAction":[{"@type":"SearchAction","target":{"@type":"EntryPoint","urlTemplate":"https:\/\/www.atco.de\/?s={search_term_string}"},"query-input":{"@type":"PropertyValueSpecification","valueRequired":true,"valueName":"search_term_string"}}],"inLanguage":"en-GB"}]}},"_links":{"self":[{"href":"https:\/\/www.atco.de\/en\/wp-json\/wp\/v2\/pages\/63","targetHints":{"allow":["GET"]}}],"collection":[{"href":"https:\/\/www.atco.de\/en\/wp-json\/wp\/v2\/pages"}],"about":[{"href":"https:\/\/www.atco.de\/en\/wp-json\/wp\/v2\/types\/page"}],"author":[{"embeddable":true,"href":"https:\/\/www.atco.de\/en\/wp-json\/wp\/v2\/users\/1"}],"replies":[{"embeddable":true,"href":"https:\/\/www.atco.de\/en\/wp-json\/wp\/v2\/comments?post=63"}],"version-history":[{"count":34,"href":"https:\/\/www.atco.de\/en\/wp-json\/wp\/v2\/pages\/63\/revisions"}],"predecessor-version":[{"id":983,"href":"https:\/\/www.atco.de\/en\/wp-json\/wp\/v2\/pages\/63\/revisions\/983"}],"wp:attachment":[{"href":"https:\/\/www.atco.de\/en\/wp-json\/wp\/v2\/media?parent=63"}],"curies":[{"name":"wp","href":"https:\/\/api.w.org\/{rel}","templated":true}]}}