{"id":874,"date":"2021-04-29T17:39:47","date_gmt":"2021-04-29T15:39:47","guid":{"rendered":"https:\/\/staging.atco.de\/?page_id=874"},"modified":"2021-05-26T16:58:20","modified_gmt":"2021-05-26T14:58:20","slug":"spedition-alfred-ernst","status":"publish","type":"page","link":"https:\/\/www.atco.de\/en\/services\/logistik\/spedition-alfred-ernst\/","title":{"rendered":"Spedition Alfred Ernst (AECO)"},"content":{"rendered":"<div data-elementor-type=\"wp-page\" data-elementor-id=\"874\" class=\"elementor elementor-874\">\n\t\t\t\t\t\t<section class=\"elementor-section elementor-top-section elementor-element elementor-element-25a5de8f elementor-section-full_width elementor-section-height-default elementor-section-height-default\" data-id=\"25a5de8f\" data-element_type=\"section\" data-e-type=\"section\">\n\t\t\t\t\t\t<div class=\"elementor-container elementor-column-gap-no\">\n\t\t\t\t\t<div class=\"elementor-column elementor-col-100 elementor-top-column elementor-element elementor-element-7872902f\" data-id=\"7872902f\" data-element_type=\"column\" data-e-type=\"column\">\n\t\t\t<div class=\"elementor-widget-wrap elementor-element-populated\">\n\t\t\t\t\t\t<div class=\"elementor-element elementor-element-64d7eadd elementor-widget elementor-widget-header\" data-id=\"64d7eadd\" data-element_type=\"widget\" data-e-type=\"widget\" data-widget_type=\"header.default\">\n\t\t\t\t<div class=\"elementor-widget-container\">\n\t\t\t\t\t        <div class=\"container-fluid block-header header_2\" style=\"\">\n\t\t\t<div class='header-bg-image' style='opacity: 0.3; position: absolute; left: 0;width: 100%; height: 110%; background: url(https:\/\/www.atco.de\/wp-content\/uploads\/2021\/04\/introbild.jpg); background-repeat: no-repeat; background-size: cover;'><\/div>            <div class=\"container\" style=\"position: relative\">\n                <h1 > Spedition Alfred Ernst (AECO)<\/h1>\n\t\t\t\t                    <p >The company Alfred Ernst GmbH &amp; Co. KG (AECO) was founded in 1961 as a transport specialist for the sugar and raw foods sector. Today, Alfred Ernst &amp; Co. also operates as a carrier for import, warehouse and distribution logistics. The company is affiliated with August T\u00f6pfer &amp; Co. and handles the entire goods transhipment for the group. At the same time, we also ensure fast and efficient logistics for all our customers\u2019 goods movements. Since May 2016, we have held the status of an authorised economic operator (AEO).<\/p>\n\t\t\t\t            <\/div>\n        <\/div>\n\t\t\t\t\t\t<\/div>\n\t\t\t\t<\/div>\n\t\t\t\t\t<\/div>\n\t\t<\/div>\n\t\t\t\t\t<\/div>\n\t\t<\/section>\n\t\t\t\t<section class=\"elementor-section elementor-top-section elementor-element elementor-element-66a2a2b1 elementor-section-full_width elementor-section-height-default elementor-section-height-default\" data-id=\"66a2a2b1\" data-element_type=\"section\" data-e-type=\"section\">\n\t\t\t\t\t\t<div class=\"elementor-container elementor-column-gap-no\">\n\t\t\t\t\t<div class=\"elementor-column elementor-col-100 elementor-top-column elementor-element elementor-element-2b775a20\" data-id=\"2b775a20\" data-element_type=\"column\" data-e-type=\"column\">\n\t\t\t<div class=\"elementor-widget-wrap elementor-element-populated\">\n\t\t\t\t\t\t<div class=\"elementor-element elementor-element-19f84d63 elementor-widget elementor-widget-breadcrump\" data-id=\"19f84d63\" data-element_type=\"widget\" data-e-type=\"widget\" data-widget_type=\"breadcrump.default\">\n\t\t\t\t<div class=\"elementor-widget-container\">\n\t\t\t\t\t        <div class=\"container-fluid atco-breadcrumb-container\">\n            <div class=\"container\">\n\t\t\t\t<ul class=\"breadcrumb\"><li class=\"breadcrumb-item\"><a href=\"https:\/\/www.atco.de\/en\">Atco<\/a><\/li><\/ul>            <\/div>\n        <\/div>\n\t\t\t\t\t\t<\/div>\n\t\t\t\t<\/div>\n\t\t\t\t\t<\/div>\n\t\t<\/div>\n\t\t\t\t\t<\/div>\n\t\t<\/section>\n\t\t\t\t<section class=\"elementor-section elementor-top-section elementor-element elementor-element-16c0987e elementor-section-boxed elementor-section-height-default elementor-section-height-default\" data-id=\"16c0987e\" data-element_type=\"section\" data-e-type=\"section\">\n\t\t\t\t\t\t<div class=\"elementor-container elementor-column-gap-default\">\n\t\t\t\t\t<div class=\"elementor-column elementor-col-100 elementor-top-column elementor-element elementor-element-bf660a6\" data-id=\"bf660a6\" data-element_type=\"column\" data-e-type=\"column\">\n\t\t\t<div class=\"elementor-widget-wrap\">\n\t\t\t\t\t\t\t<\/div>\n\t\t<\/div>\n\t\t\t\t\t<\/div>\n\t\t<\/section>\n\t\t\t\t<section class=\"elementor-section elementor-top-section elementor-element elementor-element-3ae9a98b elementor-section-boxed elementor-section-height-default elementor-section-height-default\" data-id=\"3ae9a98b\" data-element_type=\"section\" data-e-type=\"section\">\n\t\t\t\t\t\t<div class=\"elementor-container elementor-column-gap-default\">\n\t\t\t\t\t<div class=\"elementor-column elementor-col-50 elementor-top-column elementor-element elementor-element-1d73884\" data-id=\"1d73884\" data-element_type=\"column\" data-e-type=\"column\">\n\t\t\t<div class=\"elementor-widget-wrap elementor-element-populated\">\n\t\t\t\t\t\t<div class=\"elementor-element elementor-element-64547d7f elementor-widget elementor-widget-text-editor\" data-id=\"64547d7f\" data-element_type=\"widget\" data-e-type=\"widget\" data-widget_type=\"text-editor.default\">\n\t\t\t\t<div class=\"elementor-widget-container\">\n\t\t\t\t\t\t\t\t\t<h2>Where to find us<\/h2><p><strong>ALFRED ERNST GMBH &amp; CO. KG<br \/><\/strong>Borstelmannsweg 152<br \/>20537 Hamburg<br \/>Germany<br \/>Tel.: + 49 (0) 40 \u2013 21 11 94 \u2013 0<br \/>Fax.: + 49 (0) 40 \u2013 21 11 94 \u2013 74<\/p>\t\t\t\t\t\t\t\t<\/div>\n\t\t\t\t<\/div>\n\t\t\t\t\t<\/div>\n\t\t<\/div>\n\t\t\t\t<div class=\"elementor-column elementor-col-50 elementor-top-column elementor-element elementor-element-e124637\" data-id=\"e124637\" data-element_type=\"column\" data-e-type=\"column\">\n\t\t\t<div class=\"elementor-widget-wrap elementor-element-populated\">\n\t\t\t\t\t\t<div class=\"elementor-element elementor-element-f54f333 elementor-widget elementor-widget-google_maps\" data-id=\"f54f333\" data-element_type=\"widget\" data-e-type=\"widget\" data-widget_type=\"google_maps.default\">\n\t\t\t\t<div class=\"elementor-widget-container\">\n\t\t\t\t\t\t\t<div class=\"elementor-custom-embed\">\n\t\t\t<iframe loading=\"lazy\"\n\t\t\t\t\tsrc=\"https:\/\/maps.google.com\/maps?q=Borstelmannsweg%20152%2C20537%20Hamburg&#038;t=m&#038;z=17&#038;output=embed&#038;iwloc=near\"\n\t\t\t\t\ttitle=\"Borstelmannsweg 152,20537 Hamburg\"\n\t\t\t\t\taria-label=\"Borstelmannsweg 152,20537 Hamburg\"\n\t\t\t><\/iframe>\n\t\t<\/div>\n\t\t\t\t\t\t<\/div>\n\t\t\t\t<\/div>\n\t\t\t\t\t<\/div>\n\t\t<\/div>\n\t\t\t\t\t<\/div>\n\t\t<\/section>\n\t\t\t\t<section class=\"elementor-section elementor-top-section elementor-element elementor-element-797bc772 elementor-section-boxed elementor-section-height-default elementor-section-height-default\" data-id=\"797bc772\" data-element_type=\"section\" data-e-type=\"section\" data-settings=\"{&quot;background_background&quot;:&quot;classic&quot;}\">\n\t\t\t\t\t\t<div class=\"elementor-container elementor-column-gap-default\">\n\t\t\t\t\t<div class=\"elementor-column elementor-col-100 elementor-top-column elementor-element elementor-element-381c11f\" data-id=\"381c11f\" data-element_type=\"column\" data-e-type=\"column\">\n\t\t\t<div class=\"elementor-widget-wrap elementor-element-populated\">\n\t\t\t\t\t\t<div class=\"elementor-element elementor-element-3fc2629 elementor-widget elementor-widget-heading\" data-id=\"3fc2629\" data-element_type=\"widget\" data-e-type=\"widget\" data-widget_type=\"heading.default\">\n\t\t\t\t<div class=\"elementor-widget-container\">\n\t\t\t\t\t<h2 class=\"elementor-heading-title elementor-size-default\">Our range of services<\/h2>\t\t\t\t<\/div>\n\t\t\t\t<\/div>\n\t\t\t\t\t<\/div>\n\t\t<\/div>\n\t\t\t\t\t<\/div>\n\t\t<\/section>\n\t\t\t\t<section class=\"elementor-section elementor-top-section elementor-element elementor-element-29226c37 equal_height elementor-section-boxed elementor-section-height-default elementor-section-height-default\" data-id=\"29226c37\" data-element_type=\"section\" data-e-type=\"section\" data-settings=\"{&quot;background_background&quot;:&quot;classic&quot;}\">\n\t\t\t\t\t\t<div class=\"elementor-container elementor-column-gap-default\">\n\t\t\t\t\t<div class=\"elementor-column elementor-col-50 elementor-top-column elementor-element elementor-element-7699f130\" data-id=\"7699f130\" data-element_type=\"column\" data-e-type=\"column\">\n\t\t\t<div class=\"elementor-widget-wrap elementor-element-populated\">\n\t\t\t\t\t\t<div class=\"elementor-element elementor-element-4601f737 elementor-widget elementor-widget-text-editor\" data-id=\"4601f737\" data-element_type=\"widget\" data-e-type=\"widget\" data-widget_type=\"text-editor.default\">\n\t\t\t\t<div class=\"elementor-widget-container\">\n\t\t\t\t\t\t\t\t\t<h3 style=\"text-align: left;\"><span style=\"color: #ffffff;\">Import and warehouse logistics<\/span><\/h3><p style=\"text-align: left;\"><strong>Import:<\/strong> Containers arriving via seaport are received at the terminals after presentation of shipping documents and then forwarded to the recipients according to the importer\u2019s instructions. All necessary customs procedures are handled in this process. Following the importer\u2019s instructions, the incoming goods are either sent directly to the European interior in containers or unloaded and temporarily stored in Hamburg \u2013 including free of customs duty in the open customs warehouse.<\/p>\t\t\t\t\t\t\t\t<\/div>\n\t\t\t\t<\/div>\n\t\t\t\t\t<\/div>\n\t\t<\/div>\n\t\t\t\t<div class=\"elementor-column elementor-col-50 elementor-top-column elementor-element elementor-element-7ace60cc\" data-id=\"7ace60cc\" data-element_type=\"column\" data-e-type=\"column\">\n\t\t\t<div class=\"elementor-widget-wrap elementor-element-populated\">\n\t\t\t\t\t\t<div class=\"elementor-element elementor-element-347bbb9 elementor-widget elementor-widget-text-editor\" data-id=\"347bbb9\" data-element_type=\"widget\" data-e-type=\"widget\" data-widget_type=\"text-editor.default\">\n\t\t\t\t<div class=\"elementor-widget-container\">\n\t\t\t\t\t\t\t\t\t<h3><span style=\"color: #ffffff;\">Import and warehouse logistics<\/span><\/h3><p><b>Storage \/ Open customs warehouse<\/b><\/p><ul><li>Storage of imported raw materials for food in modern warehouses (around 14,000 m2)<\/li><li>Truck loading and unloading protected from the weather<\/li><li>Open customs warehouse for third-country goods<\/li><\/ul>\t\t\t\t\t\t\t\t<\/div>\n\t\t\t\t<\/div>\n\t\t\t\t\t<\/div>\n\t\t<\/div>\n\t\t\t\t\t<\/div>\n\t\t<\/section>\n\t\t\t\t<section class=\"elementor-section elementor-top-section elementor-element elementor-element-4f29e3a equal_height elementor-section-boxed elementor-section-height-default elementor-section-height-default\" data-id=\"4f29e3a\" data-element_type=\"section\" data-e-type=\"section\" data-settings=\"{&quot;background_background&quot;:&quot;classic&quot;}\">\n\t\t\t\t\t\t<div class=\"elementor-container elementor-column-gap-default\">\n\t\t\t\t\t<div class=\"elementor-column elementor-col-50 elementor-top-column elementor-element elementor-element-5cab85f\" data-id=\"5cab85f\" data-element_type=\"column\" data-e-type=\"column\">\n\t\t\t<div class=\"elementor-widget-wrap elementor-element-populated\">\n\t\t\t\t\t\t<div class=\"elementor-element elementor-element-806d583 elementor-widget elementor-widget-text-editor\" data-id=\"806d583\" data-element_type=\"widget\" data-e-type=\"widget\" data-widget_type=\"text-editor.default\">\n\t\t\t\t<div class=\"elementor-widget-container\">\n\t\t\t\t\t\t\t\t\t<h3><span style=\"color: #ffffff;\">Sugar logistics<\/span><\/h3><p>European transport operations<\/p><ul><li>Transport by rail (loose and bagged goods), truck \/ tanker and barge<\/li><li>Railway transports \/ wagon shipment to Eastern Europe, Benelux and Switzerland in special and standard rail freight wagons including the required documentation<\/li><li>Truck and tanker transports to Eastern Europe, Benelux and Switzerland<\/li><li>Barge transports of bagged goods on the Danube to Serbia, Romania, Bulgaria and neighbouring states on the Black Sea, the European waterways network and rivers, with a focus on the Danube, Rhine and Elbe<\/li><li>Customs processing and monitoring of original EU documents by experienced staff<\/li><\/ul>\t\t\t\t\t\t\t\t<\/div>\n\t\t\t\t<\/div>\n\t\t\t\t\t<\/div>\n\t\t<\/div>\n\t\t\t\t<div class=\"elementor-column elementor-col-50 elementor-top-column elementor-element elementor-element-26c8ad0\" data-id=\"26c8ad0\" data-element_type=\"column\" data-e-type=\"column\">\n\t\t\t<div class=\"elementor-widget-wrap elementor-element-populated\">\n\t\t\t\t\t\t<div class=\"elementor-element elementor-element-45042a3 elementor-widget elementor-widget-text-editor\" data-id=\"45042a3\" data-element_type=\"widget\" data-e-type=\"widget\" data-widget_type=\"text-editor.default\">\n\t\t\t\t<div class=\"elementor-widget-container\">\n\t\t\t\t\t\t\t\t\t<div class=\"fusion-text\"><h3><span style=\"color: #ffffff;\">\u00a0Container transports for export<\/span><\/h3><ul><li>Organising transports by rail, road and waterway<\/li><li>Coordinating readiness for delivery to optimise<\/li><li>loading capacity utilisation<\/li><li>Scheduling empty container cargo space<\/li><li>Organising and monitoring export customs processing<\/li><li>Customs clearance at seaports<\/li><li>Electronic transmission of shipment data<\/li><li>Procuring the necessary documents<\/li><\/ul><\/div><div class=\"fusion-clearfix\">\u00a0<\/div>\t\t\t\t\t\t\t\t<\/div>\n\t\t\t\t<\/div>\n\t\t\t\t\t<\/div>\n\t\t<\/div>\n\t\t\t\t\t<\/div>\n\t\t<\/section>\n\t\t\t\t<section class=\"elementor-section elementor-top-section elementor-element elementor-element-2cf4051 equal_height elementor-section-boxed elementor-section-height-default elementor-section-height-default\" data-id=\"2cf4051\" data-element_type=\"section\" data-e-type=\"section\" data-settings=\"{&quot;background_background&quot;:&quot;classic&quot;}\">\n\t\t\t\t\t\t<div class=\"elementor-container elementor-column-gap-default\">\n\t\t\t\t\t<div class=\"elementor-column elementor-col-100 elementor-top-column elementor-element elementor-element-8789b4f\" data-id=\"8789b4f\" data-element_type=\"column\" data-e-type=\"column\">\n\t\t\t<div class=\"elementor-widget-wrap elementor-element-populated\">\n\t\t\t\t\t\t<div class=\"elementor-element elementor-element-e383fc5 elementor-widget elementor-widget-text-editor\" data-id=\"e383fc5\" data-element_type=\"widget\" data-e-type=\"widget\" data-widget_type=\"text-editor.default\">\n\t\t\t\t<div class=\"elementor-widget-container\">\n\t\t\t\t\t\t\t\t\t<h3><span style=\"color: #ffffff;\">Distribution logistics<\/span><\/h3><p>Transport operations in Germany (consolidated shipments)<br \/>Organising and executing transports by truck to the central distribution warehouses. We also use our own fleet of vehicles nationwide in Germany.<\/p>\t\t\t\t\t\t\t\t<\/div>\n\t\t\t\t<\/div>\n\t\t\t\t\t<\/div>\n\t\t<\/div>\n\t\t\t\t\t<\/div>\n\t\t<\/section>\n\t\t\t\t<section class=\"elementor-section elementor-top-section elementor-element elementor-element-33c9a81f elementor-section-boxed elementor-section-height-default elementor-section-height-default\" data-id=\"33c9a81f\" data-element_type=\"section\" data-e-type=\"section\" data-settings=\"{&quot;background_background&quot;:&quot;classic&quot;}\">\n\t\t\t\t\t\t<div class=\"elementor-container elementor-column-gap-default\">\n\t\t\t\t\t<div class=\"elementor-column elementor-col-100 elementor-top-column elementor-element elementor-element-200c11f6\" data-id=\"200c11f6\" data-element_type=\"column\" data-e-type=\"column\">\n\t\t\t<div class=\"elementor-widget-wrap elementor-element-populated\">\n\t\t\t\t\t\t<div class=\"elementor-element elementor-element-34f85fb7 elementor-widget elementor-widget-contact_form\" data-id=\"34f85fb7\" data-element_type=\"widget\" data-e-type=\"widget\" data-widget_type=\"contact_form.default\">\n\t\t\t\t<div class=\"elementor-widget-container\">\n\t\t\t\t\t        <div class=\"container-fluid block-header\">\n            <div class=\"container\">\n                <h2 >Contact<\/h2>\n                                                              \t\t\t\t\n<div class=\"wpcf7 no-js\" id=\"wpcf7-f10-o1\" lang=\"de-DE\" dir=\"ltr\" data-wpcf7-id=\"10\">\n<div class=\"screen-reader-response\"><p role=\"status\" aria-live=\"polite\" aria-atomic=\"true\"><\/p> <ul><\/ul><\/div>\n<form action=\"\/en\/wp-json\/wp\/v2\/pages\/874#wpcf7-f10-o1\" method=\"post\" class=\"wpcf7-form init\" aria-label=\"Contact form\" novalidate=\"novalidate\" data-status=\"init\" data-trp-original-action=\"\/en\/wp-json\/wp\/v2\/pages\/874#wpcf7-f10-o1\">\n<fieldset class=\"hidden-fields-container\"><input type=\"hidden\" name=\"_wpcf7\" value=\"10\" \/><input type=\"hidden\" name=\"_wpcf7_version\" value=\"6.1.5\" \/><input type=\"hidden\" name=\"_wpcf7_locale\" value=\"de_DE\" \/><input type=\"hidden\" name=\"_wpcf7_unit_tag\" value=\"wpcf7-f10-o1\" \/><input type=\"hidden\" name=\"_wpcf7_container_post\" value=\"0\" \/><input type=\"hidden\" name=\"_wpcf7_posted_data_hash\" value=\"\" \/><input type=\"hidden\" name=\"_wpcf7dtx_version\" value=\"5.0.5\" \/>\n<\/fieldset>\n<div class=\"container-fluid block-contact p-5\">\n\t<div class=\"form-row\">\n\t\t<div class=\"form-group col-md-6\">\n\t\t\t<p><label> Name <\/label><br \/>\n<span class=\"wpcf7-form-control-wrap\" data-name=\"your-name\"><input size=\"40\" maxlength=\"400\" class=\"wpcf7-form-control wpcf7-text form-control\" aria-invalid=\"false\" value=\"\" type=\"text\" name=\"your-name\" \/><\/span>\n\t\t\t<\/p>\n\t\t<\/div>\n\t\t<div class=\"form-group col-md-6\">\n\t\t\t<p><label> Email* <\/label><br \/>\n<span class=\"wpcf7-form-control-wrap\" data-name=\"your-email\"><input size=\"40\" maxlength=\"400\" class=\"wpcf7-form-control wpcf7-email wpcf7-validates-as-required wpcf7-text wpcf7-validates-as-email form-control\" aria-required=\"true\" aria-invalid=\"false\" value=\"\" type=\"email\" name=\"your-email\" \/><\/span>\n\t\t\t<\/p>\n\t\t<\/div>\n\t<\/div>\n\t<div class=\"form-row\">\n\t\t<div class=\"form-group col-md-6\">\n\t\t\t<p><label> Telephone <\/label><br \/>\n<span class=\"wpcf7-form-control-wrap\" data-name=\"your-phone\"><input size=\"40\" maxlength=\"400\" class=\"wpcf7-form-control wpcf7-tel wpcf7-text wpcf7-validates-as-tel form-control\" aria-invalid=\"false\" value=\"\" type=\"tel\" name=\"your-phone\" \/><\/span>\n\t\t\t<\/p>\n\t\t<\/div>\n\t\t<div class=\"form-group col-md-6\">\n\t\t\t<p><label> Subject<\/label><br \/>\n<span class=\"wpcf7-form-control-wrap\" data-name=\"your-subject\"><input size=\"40\" maxlength=\"400\" class=\"wpcf7-form-control wpcf7-text form-control\" aria-invalid=\"false\" value=\"\" type=\"text\" name=\"your-subject\" \/><\/span>\n\t\t\t<\/p>\n\t\t<\/div>\n\t<\/div>\n\t<div class=\"form-row\">\n\t\t<div class=\"form-group col-md-12\">\n\t\t\t<p><label> Message* <\/label><br \/>\n<span class=\"wpcf7-form-control-wrap\" data-name=\"your-message\"><textarea cols=\"40\" rows=\"10\" maxlength=\"2000\" class=\"wpcf7-form-control wpcf7-textarea wpcf7-validates-as-required form-control\" aria-required=\"true\" aria-invalid=\"false\" name=\"your-message\"><\/textarea><\/span>\n\t\t\t<\/p>\n\t\t<\/div>\n\t<\/div>\n\t<div class=\"form-group\">\n\t\t<div class=\"form-check\">\n\t\t\t<p><span class=\"wpcf7-form-control-wrap\" data-name=\"acceptance-691\"><span class=\"wpcf7-form-control wpcf7-acceptance\"><span class=\"wpcf7-list-item\"><label><input type=\"checkbox\" name=\"acceptance-691\" value=\"1\" class=\"form-check-input\" aria-invalid=\"false\" \/><span class=\"wpcf7-list-item-label\">By submitting your request, you agree to the processing of your provided data for the purpose of handling your request and to our privacy policy and revocation notice.<\/span><\/label><\/span><\/span><\/span>\n\t\t\t<\/p>\n\t\t<div class=\"wpcf7-turnstile cf-turnstile\" data-sitekey=\"0x4AAAAAABl3rfoI5tiOroko\" data-response-field-name=\"_wpcf7_turnstile_response\"><\/div>\n\t\t\t<p><input class=\"wpcf7-form-control wpcf7-submit has-spinner btn arrow-right\" type=\"submit\" value=\"Send\" \/>\n\t\t\t<\/p>\n\t\t<\/div>\n\t<\/div>\n<\/div><div class=\"wpcf7-response-output\" aria-hidden=\"true\"><\/div>\n<input type=\"hidden\" name=\"trp-form-language\" value=\"en\"\/><\/form>\n<\/div>\n            <\/div>\n        <\/div>\n\t\t\t\t\t\t<\/div>\n\t\t\t\t<\/div>\n\t\t\t\t\t<\/div>\n\t\t<\/div>\n\t\t\t\t\t<\/div>\n\t\t<\/section>\n\t\t\t\t<\/div>","protected":false},"excerpt":{"rendered":"<p>Spedition Alfred Ernst (AECO) Das Unternehmen Alfred Ernst GmbH &#038; Co. KG (AECO) wurde 1961 als Fachspedition f\u00fcr den Bereich Zucker und Lebensmittelrohstoffe gegr\u00fcndet. Heute ist Alfred Ernst &#038; Co. zudem als Spedition f\u00fcr Import-, Lager- und Distributionslogistik t\u00e4tig. Das Unternehmen ist der August T\u00f6pfer &#038; Co. angegliedert und wickelt den gesamten Warenumschlag der Unternehmensgruppe [&hellip;]<\/p>\n","protected":false},"author":1,"featured_media":0,"parent":872,"menu_order":0,"comment_status":"closed","ping_status":"closed","template":"","meta":{"_acf_changed":false,"footnotes":""},"class_list":["post-874","page","type-page","status-publish","hentry"],"acf":[],"yoast_head":"<!-- This site is optimized with the Yoast SEO plugin v27.4 - https:\/\/yoast.com\/product\/yoast-seo-wordpress\/ -->\n<title>Spedition Alfred Ernst (AECO) - ATCO - August T\u00f6pfer &amp; Co.<\/title>\n<meta name=\"robots\" content=\"index, follow, max-snippet:-1, max-image-preview:large, max-video-preview:-1\" \/>\n<link rel=\"canonical\" href=\"https:\/\/www.atco.de\/en\/services\/logistik\/spedition-alfred-ernst\/\" \/>\n<meta property=\"og:locale\" content=\"en_GB\" \/>\n<meta property=\"og:type\" content=\"article\" \/>\n<meta property=\"og:title\" content=\"Spedition Alfred Ernst (AECO) - ATCO - August T\u00f6pfer &amp; Co.\" \/>\n<meta property=\"og:description\" content=\"Spedition Alfred Ernst (AECO) Das Unternehmen Alfred Ernst GmbH &#038; Co. KG (AECO) wurde 1961 als Fachspedition f\u00fcr den Bereich Zucker und Lebensmittelrohstoffe gegr\u00fcndet. Heute ist Alfred Ernst &#038; Co. zudem als Spedition f\u00fcr Import-, Lager- und Distributionslogistik t\u00e4tig. Das Unternehmen ist der August T\u00f6pfer &#038; Co. angegliedert und wickelt den gesamten Warenumschlag der Unternehmensgruppe [&hellip;]\" \/>\n<meta property=\"og:url\" content=\"https:\/\/www.atco.de\/en\/services\/logistik\/spedition-alfred-ernst\/\" \/>\n<meta property=\"og:site_name\" content=\"ATCO - August T\u00f6pfer &amp; Co.\" \/>\n<meta property=\"article:modified_time\" content=\"2021-05-26T14:58:20+00:00\" \/>\n<meta name=\"twitter:card\" content=\"summary_large_image\" \/>\n<meta name=\"twitter:label1\" content=\"Estimated reading time\" \/>\n\t<meta name=\"twitter:data1\" content=\"2 minutes\" \/>\n<!-- \/ Yoast SEO plugin. -->","yoast_head_json":{"title":"Spedition Alfred Ernst (AECO) - ATCO - August T\u00f6pfer &amp; Co.","robots":{"index":"index","follow":"follow","max-snippet":"max-snippet:-1","max-image-preview":"max-image-preview:large","max-video-preview":"max-video-preview:-1"},"canonical":"https:\/\/www.atco.de\/en\/services\/logistik\/spedition-alfred-ernst\/","og_locale":"en_GB","og_type":"article","og_title":"Spedition Alfred Ernst (AECO) - ATCO - August T\u00f6pfer &amp; Co.","og_description":"Spedition Alfred Ernst (AECO) Das Unternehmen Alfred Ernst GmbH &#038; Co. KG (AECO) wurde 1961 als Fachspedition f\u00fcr den Bereich Zucker und Lebensmittelrohstoffe gegr\u00fcndet. Heute ist Alfred Ernst &#038; Co. zudem als Spedition f\u00fcr Import-, Lager- und Distributionslogistik t\u00e4tig. Das Unternehmen ist der August T\u00f6pfer &#038; Co. angegliedert und wickelt den gesamten Warenumschlag der Unternehmensgruppe [&hellip;]","og_url":"https:\/\/www.atco.de\/en\/services\/logistik\/spedition-alfred-ernst\/","og_site_name":"ATCO - August T\u00f6pfer &amp; Co.","article_modified_time":"2021-05-26T14:58:20+00:00","twitter_card":"summary_large_image","twitter_misc":{"Estimated reading time":"2 minutes"},"schema":{"@context":"https:\/\/schema.org","@graph":[{"@type":"WebPage","@id":"https:\/\/www.atco.de\/services\/logistik\/spedition-alfred-ernst\/","url":"https:\/\/www.atco.de\/services\/logistik\/spedition-alfred-ernst\/","name":"Spedition Alfred Ernst (AECO) - ATCO - August T\u00f6pfer &amp; Co.","isPartOf":{"@id":"https:\/\/www.atco.de\/#website"},"datePublished":"2021-04-29T15:39:47+00:00","dateModified":"2021-05-26T14:58:20+00:00","breadcrumb":{"@id":"https:\/\/www.atco.de\/services\/logistik\/spedition-alfred-ernst\/#breadcrumb"},"inLanguage":"en-GB","potentialAction":[{"@type":"ReadAction","target":["https:\/\/www.atco.de\/services\/logistik\/spedition-alfred-ernst\/"]}]},{"@type":"BreadcrumbList","@id":"https:\/\/www.atco.de\/services\/logistik\/spedition-alfred-ernst\/#breadcrumb","itemListElement":[{"@type":"ListItem","position":1,"name":"Startseite","item":"https:\/\/www.atco.de\/"},{"@type":"ListItem","position":2,"name":"Services","item":"https:\/\/www.atco.de\/services\/"},{"@type":"ListItem","position":3,"name":"Logistik","item":"https:\/\/www.atco.de\/services\/logistik\/"},{"@type":"ListItem","position":4,"name":"Spedition Alfred Ernst (AECO)"}]},{"@type":"WebSite","@id":"https:\/\/www.atco.de\/#website","url":"https:\/\/www.atco.de\/","name":"ATCO - August T\u00f6pfer &amp; Co.","description":"","potentialAction":[{"@type":"SearchAction","target":{"@type":"EntryPoint","urlTemplate":"https:\/\/www.atco.de\/?s={search_term_string}"},"query-input":{"@type":"PropertyValueSpecification","valueRequired":true,"valueName":"search_term_string"}}],"inLanguage":"en-GB"}]}},"_links":{"self":[{"href":"https:\/\/www.atco.de\/en\/wp-json\/wp\/v2\/pages\/874","targetHints":{"allow":["GET"]}}],"collection":[{"href":"https:\/\/www.atco.de\/en\/wp-json\/wp\/v2\/pages"}],"about":[{"href":"https:\/\/www.atco.de\/en\/wp-json\/wp\/v2\/types\/page"}],"author":[{"embeddable":true,"href":"https:\/\/www.atco.de\/en\/wp-json\/wp\/v2\/users\/1"}],"replies":[{"embeddable":true,"href":"https:\/\/www.atco.de\/en\/wp-json\/wp\/v2\/comments?post=874"}],"version-history":[{"count":29,"href":"https:\/\/www.atco.de\/en\/wp-json\/wp\/v2\/pages\/874\/revisions"}],"predecessor-version":[{"id":1947,"href":"https:\/\/www.atco.de\/en\/wp-json\/wp\/v2\/pages\/874\/revisions\/1947"}],"up":[{"embeddable":true,"href":"https:\/\/www.atco.de\/en\/wp-json\/wp\/v2\/pages\/872"}],"wp:attachment":[{"href":"https:\/\/www.atco.de\/en\/wp-json\/wp\/v2\/media?parent=874"}],"curies":[{"name":"wp","href":"https:\/\/api.w.org\/{rel}","templated":true}]}}